{"id":29398,"date":"2024-09-24T08:22:17","date_gmt":"2024-09-24T06:22:17","guid":{"rendered":"https:\/\/kevco.fr\/?page_id=29398"},"modified":"2026-03-05T22:56:54","modified_gmt":"2026-03-05T21:56:54","slug":"petits-travaux-de-bricolage","status":"publish","type":"page","link":"https:\/\/kevco.fr\/es\/petits-travaux-de-bricolage\/","title":{"rendered":"Peque\u00f1os trabajos de bricolaje"},"content":{"rendered":"<div data-elementor-type=\"wp-page\" data-elementor-id=\"29398\" class=\"elementor elementor-29398\" data-elementor-post-type=\"page\">\n\t\t\t\t<div class=\"elementor-element elementor-element-5ccd2df6 e-flex e-con-boxed e-con e-parent\" data-id=\"5ccd2df6\" data-element_type=\"container\" data-e-type=\"container\" data-settings=\"{&quot;background_background&quot;:&quot;classic&quot;}\">\n\t\t\t\t\t<div class=\"e-con-inner\">\n\t\t\t\t<div class=\"elementor-element elementor-element-7ec2b3fb elementor-widget elementor-widget-heading\" data-id=\"7ec2b3fb\" data-element_type=\"widget\" data-e-type=\"widget\" data-widget_type=\"heading.default\">\n\t\t\t\t<div class=\"elementor-widget-container\">\n\t\t\t\t\t<h1 class=\"elementor-heading-title elementor-size-default\">Peque\u00f1os trabajos de bricolaje en Cavaillon y en la regi\u00f3n de Luberon<\/h1>\t\t\t\t<\/div>\n\t\t\t\t<\/div>\n\t\t\t\t<div class=\"elementor-element elementor-element-60132a5c elementor-widget elementor-widget-heading\" data-id=\"60132a5c\" data-element_type=\"widget\" data-e-type=\"widget\" data-widget_type=\"heading.default\">\n\t\t\t\t<div class=\"elementor-widget-container\">\n\t\t\t\t\t<h2 class=\"elementor-heading-title elementor-size-default\">Encargue a un profesional sus peque\u00f1os trabajos de bricolaje<\/h2>\t\t\t\t<\/div>\n\t\t\t\t<\/div>\n\t\t\t\t<div class=\"elementor-element elementor-element-28cbc108 elementor-align-center elementor-widget elementor-widget-button\" data-id=\"28cbc108\" data-element_type=\"widget\" data-e-type=\"widget\" data-widget_type=\"button.default\">\n\t\t\t\t<div class=\"elementor-widget-container\">\n\t\t\t\t\t\t\t\t\t<div class=\"elementor-button-wrapper\">\n\t\t\t\t\t<a class=\"elementor-button elementor-button-link elementor-size-sm\" href=\"https:\/\/kevco.fr\/es\/contact\/\">\n\t\t\t\t\t\t<span class=\"elementor-button-content-wrapper\">\n\t\t\t\t\t\t\t\t\t<span class=\"elementor-button-text\">Deseo un presupuesto<\/span>\n\t\t\t\t\t<\/span>\n\t\t\t\t\t<\/a>\n\t\t\t\t<\/div>\n\t\t\t\t\t\t\t\t<\/div>\n\t\t\t\t<\/div>\n\t\t\t\t\t<\/div>\n\t\t\t\t<\/div>\n\t\t<div class=\"elementor-element elementor-element-18cb64aa e-flex e-con-boxed e-con e-parent\" data-id=\"18cb64aa\" data-element_type=\"container\" data-e-type=\"container\">\n\t\t\t\t\t<div class=\"e-con-inner\">\n\t\t<div class=\"elementor-element elementor-element-4cedf679 e-con-full e-flex e-con e-child\" data-id=\"4cedf679\" data-element_type=\"container\" data-e-type=\"container\">\n\t\t\t\t<div class=\"elementor-element elementor-element-450640e0 elementor-widget elementor-widget-heading\" data-id=\"450640e0\" data-element_type=\"widget\" data-e-type=\"widget\" data-widget_type=\"heading.default\">\n\t\t\t\t<div class=\"elementor-widget-container\">\n\t\t\t\t\t<h2 class=\"elementor-heading-title elementor-size-default\">Bricolaje en casa<\/h2>\t\t\t\t<\/div>\n\t\t\t\t<\/div>\n\t\t\t\t<div class=\"elementor-element elementor-element-5135d555 elementor-widget elementor-widget-text-editor\" data-id=\"5135d555\" data-element_type=\"widget\" data-e-type=\"widget\" data-widget_type=\"text-editor.default\">\n\t\t\t\t<div class=\"elementor-widget-container\">\n\t\t\t\t\t\t\t\t\t<p>Mejore y personalice su hogar con Kevco.<\/p><p>Los trabajos de bricolaje bien hechos pueden transformar su casa, haci\u00e9ndola m\u00e1s funcional, atractiva y agradable para vivir. Ya se trate de peque\u00f1as reparaciones, instalaciones o trabajos de acabado, estoy aqu\u00ed para ayudarle a hacer realidad sus proyectos.<\/p><p>Presto especial atenci\u00f3n a los toques finales para garantizar un acabado perfecto. Ya se trate de pintar una habitaci\u00f3n, instalar estanter\u00edas, montar muebles o realizar peque\u00f1os trabajos de alba\u00f1iler\u00eda, cada tarea se llevar\u00e1 a cabo con esmero.<\/p><p>Obtenga m\u00e1s informaci\u00f3n sobre mis servicios y p\u00f3ngase en contacto conmigo hoy mismo para hablar de su proyecto. Trabajemos juntos para transformar tu hogar en un espacio en el que cada detalle cuente y en el que te sientas como en casa.<\/p>\t\t\t\t\t\t\t\t<\/div>\n\t\t\t\t<\/div>\n\t\t\t\t<div class=\"elementor-element elementor-element-408d59ff elementor-align-center elementor-widget elementor-widget-button\" data-id=\"408d59ff\" data-element_type=\"widget\" data-e-type=\"widget\" data-widget_type=\"button.default\">\n\t\t\t\t<div class=\"elementor-widget-container\">\n\t\t\t\t\t\t\t\t\t<div class=\"elementor-button-wrapper\">\n\t\t\t\t\t<a class=\"elementor-button elementor-button-link elementor-size-sm\" href=\"https:\/\/kevco.fr\/es\/contact\/\">\n\t\t\t\t\t\t<span class=\"elementor-button-content-wrapper\">\n\t\t\t\t\t\t\t\t\t<span class=\"elementor-button-text\">Deseo un presupuesto<\/span>\n\t\t\t\t\t<\/span>\n\t\t\t\t\t<\/a>\n\t\t\t\t<\/div>\n\t\t\t\t\t\t\t\t<\/div>\n\t\t\t\t<\/div>\n\t\t\t\t<\/div>\n\t\t<div class=\"elementor-element elementor-element-73beb0c1 e-con-full e-flex e-con e-child\" data-id=\"73beb0c1\" data-element_type=\"container\" data-e-type=\"container\">\n\t\t\t\t<div class=\"elementor-element elementor-element-441c7674 elementor-widget elementor-widget-image\" data-id=\"441c7674\" data-element_type=\"widget\" data-e-type=\"widget\" data-widget_type=\"image.default\">\n\t\t\t\t<div class=\"elementor-widget-container\">\n\t\t\t\t\t\t\t\t\t\t\t\t\t\t\t<img fetchpriority=\"high\" decoding=\"async\" width=\"768\" height=\"984\" src=\"https:\/\/kevco.fr\/wp-content\/uploads\/2024\/09\/IMG_2788-scaled-e1727024422870-768x984.jpg\" class=\"attachment-medium_large size-medium_large wp-image-29433\" alt=\"Installation d\u2019\u00e9tag\u00e8res et de rangements\" srcset=\"https:\/\/kevco.fr\/wp-content\/uploads\/2024\/09\/IMG_2788-scaled-e1727024422870-768x984.jpg 768w, https:\/\/kevco.fr\/wp-content\/uploads\/2024\/09\/IMG_2788-scaled-e1727024422870-234x300.jpg 234w, https:\/\/kevco.fr\/wp-content\/uploads\/2024\/09\/IMG_2788-scaled-e1727024422870-799x1024.jpg 799w, https:\/\/kevco.fr\/wp-content\/uploads\/2024\/09\/IMG_2788-scaled-e1727024422870-1199x1536.jpg 1199w, https:\/\/kevco.fr\/wp-content\/uploads\/2024\/09\/IMG_2788-scaled-e1727024422870-9x12.jpg 9w, https:\/\/kevco.fr\/wp-content\/uploads\/2024\/09\/IMG_2788-scaled-e1727024422870.jpg 1368w\" sizes=\"(max-width: 768px) 100vw, 768px\" \/>\t\t\t\t\t\t\t\t\t\t\t\t\t\t\t<\/div>\n\t\t\t\t<\/div>\n\t\t\t\t<\/div>\n\t\t\t\t\t<\/div>\n\t\t\t\t<\/div>\n\t\t<div class=\"elementor-element elementor-element-32dba1f6 e-flex e-con-boxed e-con e-parent\" data-id=\"32dba1f6\" data-element_type=\"container\" data-e-type=\"container\" data-settings=\"{&quot;background_background&quot;:&quot;classic&quot;}\">\n\t\t\t\t\t<div class=\"e-con-inner\">\n\t\t\t\t<div class=\"elementor-element elementor-element-28c7d716 elementor-widget elementor-widget-heading\" data-id=\"28c7d716\" data-element_type=\"widget\" data-e-type=\"widget\" data-widget_type=\"heading.default\">\n\t\t\t\t<div class=\"elementor-widget-container\">\n\t\t\t\t\t<h2 class=\"elementor-heading-title elementor-size-default\">Mis servicios de manitas<\/h2>\t\t\t\t<\/div>\n\t\t\t\t<\/div>\n\t\t<div class=\"elementor-element elementor-element-2d14ac51 e-con-full e-grid e-con e-child\" data-id=\"2d14ac51\" data-element_type=\"container\" data-e-type=\"container\">\n\t\t<div class=\"elementor-element elementor-element-2a67100c e-con-full e-flex e-con e-child\" data-id=\"2a67100c\" data-element_type=\"container\" data-e-type=\"container\">\n\t\t\t\t<div class=\"elementor-element elementor-element-68e7da08 elementor-widget elementor-widget-heading\" data-id=\"68e7da08\" data-element_type=\"widget\" data-e-type=\"widget\" data-widget_type=\"heading.default\">\n\t\t\t\t<div class=\"elementor-widget-container\">\n\t\t\t\t\t<h3 class=\"elementor-heading-title elementor-size-default\">Pintura y retoques<\/h3>\t\t\t\t<\/div>\n\t\t\t\t<\/div>\n\t\t\t\t<div class=\"elementor-element elementor-element-7e0167ed elementor-widget-divider--view-line elementor-widget elementor-widget-divider\" data-id=\"7e0167ed\" data-element_type=\"widget\" data-e-type=\"widget\" data-widget_type=\"divider.default\">\n\t\t\t\t<div class=\"elementor-widget-container\">\n\t\t\t\t\t\t\t<div class=\"elementor-divider\">\n\t\t\t<span class=\"elementor-divider-separator\">\n\t\t\t\t\t\t<\/span>\n\t\t<\/div>\n\t\t\t\t\t\t<\/div>\n\t\t\t\t<\/div>\n\t\t\t\t<div class=\"elementor-element elementor-element-623687e elementor-widget elementor-widget-text-editor\" data-id=\"623687e\" data-element_type=\"widget\" data-e-type=\"widget\" data-widget_type=\"text-editor.default\">\n\t\t\t\t<div class=\"elementor-widget-container\">\n\t\t\t\t\t\t\t\t\t<p>Renueve sus paredes y techos con acabados impecables.<\/p>\t\t\t\t\t\t\t\t<\/div>\n\t\t\t\t<\/div>\n\t\t\t\t<\/div>\n\t\t<div class=\"elementor-element elementor-element-13f70bbf e-con-full e-flex e-con e-child\" data-id=\"13f70bbf\" data-element_type=\"container\" data-e-type=\"container\">\n\t\t\t\t<div class=\"elementor-element elementor-element-2f4e4ba2 elementor-widget elementor-widget-heading\" data-id=\"2f4e4ba2\" data-element_type=\"widget\" data-e-type=\"widget\" data-widget_type=\"heading.default\">\n\t\t\t\t<div class=\"elementor-widget-container\">\n\t\t\t\t\t<h3 class=\"elementor-heading-title elementor-size-default\">Instalaci\u00f3n de estanter\u00edas y unidades de almacenamiento<\/h3>\t\t\t\t<\/div>\n\t\t\t\t<\/div>\n\t\t\t\t<div class=\"elementor-element elementor-element-51d758bb elementor-widget-divider--view-line elementor-widget elementor-widget-divider\" data-id=\"51d758bb\" data-element_type=\"widget\" data-e-type=\"widget\" data-widget_type=\"divider.default\">\n\t\t\t\t<div class=\"elementor-widget-container\">\n\t\t\t\t\t\t\t<div class=\"elementor-divider\">\n\t\t\t<span class=\"elementor-divider-separator\">\n\t\t\t\t\t\t<\/span>\n\t\t<\/div>\n\t\t\t\t\t\t<\/div>\n\t\t\t\t<\/div>\n\t\t\t\t<div class=\"elementor-element elementor-element-2ccb83b7 elementor-widget elementor-widget-text-editor\" data-id=\"2ccb83b7\" data-element_type=\"widget\" data-e-type=\"widget\" data-widget_type=\"text-editor.default\">\n\t\t\t\t<div class=\"elementor-widget-container\">\n\t\t\t\t\t\t\t\t\t<p>Para optimizar tu espacio de almacenamiento.<\/p>\t\t\t\t\t\t\t\t<\/div>\n\t\t\t\t<\/div>\n\t\t\t\t<\/div>\n\t\t<div class=\"elementor-element elementor-element-21f9f798 e-con-full e-flex e-con e-child\" data-id=\"21f9f798\" data-element_type=\"container\" data-e-type=\"container\">\n\t\t\t\t<div class=\"elementor-element elementor-element-289dccd2 elementor-widget elementor-widget-heading\" data-id=\"289dccd2\" data-element_type=\"widget\" data-e-type=\"widget\" data-widget_type=\"heading.default\">\n\t\t\t\t<div class=\"elementor-widget-container\">\n\t\t\t\t\t<h3 class=\"elementor-heading-title elementor-size-default\">Colocaci\u00f3n de rieles para cortinas y persianas<\/h3>\t\t\t\t<\/div>\n\t\t\t\t<\/div>\n\t\t\t\t<div class=\"elementor-element elementor-element-70842716 elementor-widget-divider--view-line elementor-widget elementor-widget-divider\" data-id=\"70842716\" data-element_type=\"widget\" data-e-type=\"widget\" data-widget_type=\"divider.default\">\n\t\t\t\t<div class=\"elementor-widget-container\">\n\t\t\t\t\t\t\t<div class=\"elementor-divider\">\n\t\t\t<span class=\"elementor-divider-separator\">\n\t\t\t\t\t\t<\/span>\n\t\t<\/div>\n\t\t\t\t\t\t<\/div>\n\t\t\t\t<\/div>\n\t\t\t\t<div class=\"elementor-element elementor-element-2b0ff592 elementor-widget elementor-widget-text-editor\" data-id=\"2b0ff592\" data-element_type=\"widget\" data-e-type=\"widget\" data-widget_type=\"text-editor.default\">\n\t\t\t\t<div class=\"elementor-widget-container\">\n\t\t\t\t\t\t\t\t\t<p>Viste tus habitaciones con estilo.<\/p>\t\t\t\t\t\t\t\t<\/div>\n\t\t\t\t<\/div>\n\t\t\t\t<\/div>\n\t\t<div class=\"elementor-element elementor-element-1447d798 e-con-full e-flex e-con e-child\" data-id=\"1447d798\" data-element_type=\"container\" data-e-type=\"container\">\n\t\t\t\t<div class=\"elementor-element elementor-element-7ac77399 elementor-widget elementor-widget-heading\" data-id=\"7ac77399\" data-element_type=\"widget\" data-e-type=\"widget\" data-widget_type=\"heading.default\">\n\t\t\t\t<div class=\"elementor-widget-container\">\n\t\t\t\t\t<h3 class=\"elementor-heading-title elementor-size-default\">Fontaner\u00eda b\u00e1sica<\/h3>\t\t\t\t<\/div>\n\t\t\t\t<\/div>\n\t\t\t\t<div class=\"elementor-element elementor-element-425728c6 elementor-widget-divider--view-line elementor-widget elementor-widget-divider\" data-id=\"425728c6\" data-element_type=\"widget\" data-e-type=\"widget\" data-widget_type=\"divider.default\">\n\t\t\t\t<div class=\"elementor-widget-container\">\n\t\t\t\t\t\t\t<div class=\"elementor-divider\">\n\t\t\t<span class=\"elementor-divider-separator\">\n\t\t\t\t\t\t<\/span>\n\t\t<\/div>\n\t\t\t\t\t\t<\/div>\n\t\t\t\t<\/div>\n\t\t\t\t<div class=\"elementor-element elementor-element-26d6b610 elementor-widget elementor-widget-text-editor\" data-id=\"26d6b610\" data-element_type=\"widget\" data-e-type=\"widget\" data-widget_type=\"text-editor.default\">\n\t\t\t\t<div class=\"elementor-widget-container\">\n\t\t\t\t\t\t\t\t\t<p>Para solucionar peque\u00f1os problemas de fontaner\u00eda.<\/p>\t\t\t\t\t\t\t\t<\/div>\n\t\t\t\t<\/div>\n\t\t\t\t<\/div>\n\t\t<div class=\"elementor-element elementor-element-5a133015 e-con-full e-flex e-con e-child\" data-id=\"5a133015\" data-element_type=\"container\" data-e-type=\"container\">\n\t\t\t\t<div class=\"elementor-element elementor-element-470c1cd5 elementor-widget elementor-widget-heading\" data-id=\"470c1cd5\" data-element_type=\"widget\" data-e-type=\"widget\" data-widget_type=\"heading.default\">\n\t\t\t\t<div class=\"elementor-widget-container\">\n\t\t\t\t\t<h3 class=\"elementor-heading-title elementor-size-default\">Trabajos de acabado<\/h3>\t\t\t\t<\/div>\n\t\t\t\t<\/div>\n\t\t\t\t<div class=\"elementor-element elementor-element-79aa0430 elementor-widget-divider--view-line elementor-widget elementor-widget-divider\" data-id=\"79aa0430\" data-element_type=\"widget\" data-e-type=\"widget\" data-widget_type=\"divider.default\">\n\t\t\t\t<div class=\"elementor-widget-container\">\n\t\t\t\t\t\t\t<div class=\"elementor-divider\">\n\t\t\t<span class=\"elementor-divider-separator\">\n\t\t\t\t\t\t<\/span>\n\t\t<\/div>\n\t\t\t\t\t\t<\/div>\n\t\t\t\t<\/div>\n\t\t\t\t<div class=\"elementor-element elementor-element-7d374521 elementor-widget elementor-widget-text-editor\" data-id=\"7d374521\" data-element_type=\"widget\" data-e-type=\"widget\" data-widget_type=\"text-editor.default\">\n\t\t\t\t<div class=\"elementor-widget-container\">\n\t\t\t\t\t\t\t\t\t<p>Para unos acabados impecables que realzan cada detalle de su hogar.<\/p>\t\t\t\t\t\t\t\t<\/div>\n\t\t\t\t<\/div>\n\t\t\t\t<\/div>\n\t\t<div class=\"elementor-element elementor-element-73d992de e-con-full e-flex e-con e-child\" data-id=\"73d992de\" data-element_type=\"container\" data-e-type=\"container\">\n\t\t\t\t<div class=\"elementor-element elementor-element-6c62bf07 elementor-widget elementor-widget-heading\" data-id=\"6c62bf07\" data-element_type=\"widget\" data-e-type=\"widget\" data-widget_type=\"heading.default\">\n\t\t\t\t<div class=\"elementor-widget-container\">\n\t\t\t\t\t<h3 class=\"elementor-heading-title elementor-size-default\">Mantenimiento general del hogar<\/h3>\t\t\t\t<\/div>\n\t\t\t\t<\/div>\n\t\t\t\t<div class=\"elementor-element elementor-element-7a7b1471 elementor-widget-divider--view-line elementor-widget elementor-widget-divider\" data-id=\"7a7b1471\" data-element_type=\"widget\" data-e-type=\"widget\" data-widget_type=\"divider.default\">\n\t\t\t\t<div class=\"elementor-widget-container\">\n\t\t\t\t\t\t\t<div class=\"elementor-divider\">\n\t\t\t<span class=\"elementor-divider-separator\">\n\t\t\t\t\t\t<\/span>\n\t\t<\/div>\n\t\t\t\t\t\t<\/div>\n\t\t\t\t<\/div>\n\t\t\t\t<div class=\"elementor-element elementor-element-6747e3af elementor-widget elementor-widget-text-editor\" data-id=\"6747e3af\" data-element_type=\"widget\" data-e-type=\"widget\" data-widget_type=\"text-editor.default\">\n\t\t\t\t<div class=\"elementor-widget-container\">\n\t\t\t\t\t\t\t\t\t<p>Reformas y reparaciones de puertas, manillas, barandillas, etc.<\/p>\t\t\t\t\t\t\t\t<\/div>\n\t\t\t\t<\/div>\n\t\t\t\t<\/div>\n\t\t\t\t<\/div>\n\t\t\t\t\t<\/div>\n\t\t\t\t<\/div>\n\t\t<div class=\"elementor-element elementor-element-33b04d09 e-flex e-con-boxed e-con e-parent\" data-id=\"33b04d09\" data-element_type=\"container\" data-e-type=\"container\" data-settings=\"{&quot;background_background&quot;:&quot;classic&quot;}\">\n\t\t\t\t\t<div class=\"e-con-inner\">\n\t\t\t\t<div class=\"elementor-element elementor-element-4a4c76d9 elementor-widget elementor-widget-heading\" data-id=\"4a4c76d9\" data-element_type=\"widget\" data-e-type=\"widget\" data-widget_type=\"heading.default\">\n\t\t\t\t<div class=\"elementor-widget-container\">\n\t\t\t\t\t<h2 class=\"elementor-heading-title elementor-size-default\">Mis logros<\/h2>\t\t\t\t<\/div>\n\t\t\t\t<\/div>\n\t\t<div class=\"elementor-element elementor-element-68410dc e-grid e-con-full e-con e-child\" data-id=\"68410dc\" data-element_type=\"container\" data-e-type=\"container\">\n\t\t<div class=\"elementor-element elementor-element-fc361e0 e-con-full e-flex e-con e-child\" data-id=\"fc361e0\" data-element_type=\"container\" data-e-type=\"container\">\n\t\t\t\t<div class=\"elementor-element elementor-element-4765d39 elementor-widget elementor-widget-elementskit-image-comparison\" data-id=\"4765d39\" data-element_type=\"widget\" data-e-type=\"widget\" data-widget_type=\"elementskit-image-comparison.default\">\n\t\t\t\t<div class=\"elementor-widget-container\">\n\t\t\t\t\t<div class=\"ekit-wid-con\" >\n\t\t<div class=\"elementskit-image-comparison image-comparison-container\" data-offset=\"0.5\" data-overlay=\"\" data-label_after=\"Aprs\" data-label_before=\"Avant\" data-move_slider_on_hover=\"\" data-click_to_move=\"\">\n\t\t\t<img decoding=\"async\" src=\"https:\/\/kevco.fr\/wp-content\/uploads\/2024\/09\/IMG_2746-scaled-1.jpg\" title=\"Trabajos de acabado Antes\" alt=\"Travaux de finitions Luberon\" loading=\"lazy\" \/><img decoding=\"async\" src=\"https:\/\/kevco.fr\/wp-content\/uploads\/2024\/09\/IMG_2790-scaled-1.jpg\" title=\"Trabajos de acabado\" alt=\"Travaux de finitions Cavaillon\" loading=\"lazy\" \/>\t\t<\/div>\n\n\t<\/div>\t\t\t\t<\/div>\n\t\t\t\t<\/div>\n\t\t\t\t<\/div>\n\t\t<div class=\"elementor-element elementor-element-3787617 e-con-full e-flex e-con e-child\" data-id=\"3787617\" data-element_type=\"container\" data-e-type=\"container\">\n\t\t\t\t<div class=\"elementor-element elementor-element-bd2c7b9 elementor-widget elementor-widget-image\" data-id=\"bd2c7b9\" data-element_type=\"widget\" data-e-type=\"widget\" data-widget_type=\"image.default\">\n\t\t\t\t<div class=\"elementor-widget-container\">\n\t\t\t\t\t\t\t\t\t\t\t\t\t\t\t<img decoding=\"async\" width=\"576\" height=\"1024\" src=\"https:\/\/kevco.fr\/wp-content\/uploads\/2024\/09\/IMG_5174-576x1024.png\" class=\"attachment-large size-large wp-image-29436\" alt=\"Peinture et plinthes\" srcset=\"https:\/\/kevco.fr\/wp-content\/uploads\/2024\/09\/IMG_5174-576x1024.png 576w, https:\/\/kevco.fr\/wp-content\/uploads\/2024\/09\/IMG_5174-169x300.png 169w, https:\/\/kevco.fr\/wp-content\/uploads\/2024\/09\/IMG_5174-768x1365.png 768w, https:\/\/kevco.fr\/wp-content\/uploads\/2024\/09\/IMG_5174-864x1536.png 864w, https:\/\/kevco.fr\/wp-content\/uploads\/2024\/09\/IMG_5174-7x12.png 7w, https:\/\/kevco.fr\/wp-content\/uploads\/2024\/09\/IMG_5174.png 1125w\" sizes=\"(max-width: 576px) 100vw, 576px\" \/>\t\t\t\t\t\t\t\t\t\t\t\t\t\t\t<\/div>\n\t\t\t\t<\/div>\n\t\t\t\t<div class=\"elementor-element elementor-element-cc048aa elementor-absolute elementor-widget elementor-widget-heading\" data-id=\"cc048aa\" data-element_type=\"widget\" data-e-type=\"widget\" data-settings=\"{&quot;_position&quot;:&quot;absolute&quot;}\" data-widget_type=\"heading.default\">\n\t\t\t\t<div class=\"elementor-widget-container\">\n\t\t\t\t\t<p class=\"elementor-heading-title elementor-size-default\">Instalaci\u00f3n de rodapi\u00e9s<\/p>\t\t\t\t<\/div>\n\t\t\t\t<\/div>\n\t\t\t\t<\/div>\n\t\t<div class=\"elementor-element elementor-element-d593375 e-con-full e-flex e-con e-child\" data-id=\"d593375\" data-element_type=\"container\" data-e-type=\"container\">\n\t\t\t\t<div class=\"elementor-element elementor-element-68a6677 elementor-widget elementor-widget-elementskit-image-comparison\" data-id=\"68a6677\" data-element_type=\"widget\" data-e-type=\"widget\" data-widget_type=\"elementskit-image-comparison.default\">\n\t\t\t\t<div class=\"elementor-widget-container\">\n\t\t\t\t\t<div class=\"ekit-wid-con\" >\n\t\t<div class=\"elementskit-image-comparison image-comparison-container\" data-offset=\"0.5\" data-overlay=\"\" data-label_after=\"Aprs\" data-label_before=\"Avant\" data-move_slider_on_hover=\"\" data-click_to_move=\"\">\n\t\t\t<img decoding=\"async\" src=\"https:\/\/kevco.fr\/wp-content\/uploads\/2024\/09\/IMG_2244-scaled-1.jpg\" title=\"Instalaci\u00f3n de estanter\u00edas y unidades de almacenamiento Antes\" alt=\"Installation d\u2019\u00e9tag\u00e8res et de rangements\" loading=\"lazy\" \/><img decoding=\"async\" src=\"https:\/\/kevco.fr\/wp-content\/uploads\/unlimited_elements\/IMG_2270-scaled.jpg\" title=\"Instalaci\u00f3n de estanter\u00edas y unidades de almacenamiento\" alt=\"Petits travaux de bricolage Luberon\" loading=\"lazy\" \/>\t\t<\/div>\n\n\t<\/div>\t\t\t\t<\/div>\n\t\t\t\t<\/div>\n\t\t\t\t<\/div>\n\t\t\t\t<\/div>\n\t\t\t\t\t<\/div>\n\t\t\t\t<\/div>\n\t\t<div class=\"elementor-element elementor-element-7ffe7a12 e-flex e-con-boxed e-con e-parent\" data-id=\"7ffe7a12\" data-element_type=\"container\" data-e-type=\"container\" data-settings=\"{&quot;background_background&quot;:&quot;classic&quot;}\">\n\t\t\t\t\t<div class=\"e-con-inner\">\n\t\t\t\t<div class=\"elementor-element elementor-element-4b2ff1b7 elementor-widget elementor-widget-heading\" data-id=\"4b2ff1b7\" data-element_type=\"widget\" data-e-type=\"widget\" data-widget_type=\"heading.default\">\n\t\t\t\t<div class=\"elementor-widget-container\">\n\t\t\t\t\t<p class=\"elementor-heading-title elementor-size-default\">P\u00f3ngase en contacto conmigo hoy mismo para hablar de sus necesidades espec\u00edficas y descubrir c\u00f3mo puedo ayudarle a mejorar y personalizar su hogar con peque\u00f1os trabajos de bricolaje y pulcros toques finales.\n<\/p>\t\t\t\t<\/div>\n\t\t\t\t<\/div>\n\t\t\t\t\t<\/div>\n\t\t\t\t<\/div>\n\t\t\t\t<\/div>","protected":false},"excerpt":{"rendered":"<p>Petits travaux de bricolage \u00e0 Cavaillon et dans le Luberon Faites r\u00e9aliser vos petits travaux de bricolage par un professionnel Je souhaite un devis Bricolage \u00e0 domicile Am\u00e9liorez et personnalisez votre maison avec Kevco. Des petits travaux de bricolage bien r\u00e9alis\u00e9s peuvent transformer votre maison, en la rendant plus fonctionnelle, esth\u00e9tique et agr\u00e9able \u00e0 vivre. [&hellip;]<\/p>\n","protected":false},"author":1,"featured_media":0,"parent":0,"menu_order":0,"comment_status":"closed","ping_status":"closed","template":"","meta":{"site-sidebar-layout":"no-sidebar","site-content-layout":"","ast-site-content-layout":"full-width-container","site-content-style":"default","site-sidebar-style":"default","ast-global-header-display":"","ast-banner-title-visibility":"","ast-main-header-display":"","ast-hfb-above-header-display":"","ast-hfb-below-header-display":"","ast-hfb-mobile-header-display":"","site-post-title":"disabled","ast-breadcrumbs-content":"","ast-featured-img":"disabled","footer-sml-layout":"","ast-disable-related-posts":"","theme-transparent-header-meta":"","adv-header-id-meta":"","stick-header-meta":"","header-above-stick-meta":"","header-main-stick-meta":"","header-below-stick-meta":"","astra-migrate-meta-layouts":"default","ast-page-background-enabled":"default","ast-page-background-meta":{"desktop":{"background-color":"var(--ast-global-color-4)","background-image":"","background-repeat":"repeat","background-position":"center center","background-size":"auto","background-attachment":"scroll","background-type":"","background-media":"","overlay-type":"","overlay-color":"","overlay-opacity":"","overlay-gradient":""},"tablet":{"background-color":"","background-image":"","background-repeat":"repeat","background-position":"center center","background-size":"auto","background-attachment":"scroll","background-type":"","background-media":"","overlay-type":"","overlay-color":"","overlay-opacity":"","overlay-gradient":""},"mobile":{"background-color":"","background-image":"","background-repeat":"repeat","background-position":"center center","background-size":"auto","background-attachment":"scroll","background-type":"","background-media":"","overlay-type":"","overlay-color":"","overlay-opacity":"","overlay-gradient":""}},"ast-content-background-meta":{"desktop":{"background-color":"var(--ast-global-color-5)","background-image":"","background-repeat":"repeat","background-position":"center center","background-size":"auto","background-attachment":"scroll","background-type":"","background-media":"","overlay-type":"","overlay-color":"","overlay-opacity":"","overlay-gradient":""},"tablet":{"background-color":"var(--ast-global-color-5)","background-image":"","background-repeat":"repeat","background-position":"center center","background-size":"auto","background-attachment":"scroll","background-type":"","background-media":"","overlay-type":"","overlay-color":"","overlay-opacity":"","overlay-gradient":""},"mobile":{"background-color":"var(--ast-global-color-5)","background-image":"","background-repeat":"repeat","background-position":"center center","background-size":"auto","background-attachment":"scroll","background-type":"","background-media":"","overlay-type":"","overlay-color":"","overlay-opacity":"","overlay-gradient":""}},"footnotes":""},"class_list":["post-29398","page","type-page","status-publish","hentry"],"_links":{"self":[{"href":"https:\/\/kevco.fr\/es\/wp-json\/wp\/v2\/pages\/29398","targetHints":{"allow":["GET"]}}],"collection":[{"href":"https:\/\/kevco.fr\/es\/wp-json\/wp\/v2\/pages"}],"about":[{"href":"https:\/\/kevco.fr\/es\/wp-json\/wp\/v2\/types\/page"}],"author":[{"embeddable":true,"href":"https:\/\/kevco.fr\/es\/wp-json\/wp\/v2\/users\/1"}],"replies":[{"embeddable":true,"href":"https:\/\/kevco.fr\/es\/wp-json\/wp\/v2\/comments?post=29398"}],"version-history":[{"count":8,"href":"https:\/\/kevco.fr\/es\/wp-json\/wp\/v2\/pages\/29398\/revisions"}],"predecessor-version":[{"id":29857,"href":"https:\/\/kevco.fr\/es\/wp-json\/wp\/v2\/pages\/29398\/revisions\/29857"}],"wp:attachment":[{"href":"https:\/\/kevco.fr\/es\/wp-json\/wp\/v2\/media?parent=29398"}],"curies":[{"name":"wp","href":"https:\/\/api.w.org\/{rel}","templated":true}]}}